{"id":799,"date":"2024-11-20T14:24:29","date_gmt":"2024-11-20T14:24:29","guid":{"rendered":"https:\/\/ledbowling.eu\/?page_id=799"},"modified":"2024-11-26T15:06:59","modified_gmt":"2024-11-26T15:06:59","slug":"algemene-voorwaarden","status":"publish","type":"page","link":"https:\/\/ledbowling.eu\/de\/algemene-voorwaarden\/","title":{"rendered":"Allgemeine Bedingungen und Konditionen"},"content":{"rendered":"<section class=\"l-section wpb_row height_medium\"><div class=\"l-section-h i-cf\"><div class=\"g-cols vc_row via_grid cols_1 laptops-cols_inherit tablets-cols_inherit mobiles-cols_1 valign_top type_default stacking_default\"><div class=\"wpb_column vc_column_container\"><div class=\"vc_column-inner\"><div class=\"wpb_text_column us_custom_60143ed1\"><div class=\"wpb_wrapper\"><h2 class=\"p1\">Allgemeine Gesch\u00e4ftsbedingungen f\u00fcr Dienstleistungen und Verk\u00e4ufe<\/h2>\n<\/div><\/div><div class=\"w-separator size_small\"><\/div><div class=\"wpb_text_column\"><div class=\"wpb_wrapper\"><h3>Artikel 1 Begriffsbestimmungen<\/h3>\n<\/div><\/div><div class=\"w-separator size_small\"><\/div><div class=\"wpb_text_column\"><div class=\"wpb_wrapper\"><p><strong>Leichter Twist:<\/strong> Light Twist Project Lighting, mit der CoC-Nummer 56255446.<br \/>\n<strong>Die andere Partei:<\/strong> Jede nat\u00fcrliche oder juristische Person, die eine Vereinbarung mit Light Twist eingeht.<br \/>\n<strong>Der K\u00e4ufer:<\/strong> die andere Partei schlie\u00dft einen Kaufvertrag mit Light Twist ab.<br \/>\n<strong>Der Kunde:<\/strong> Die andere Partei schlie\u00dft eine Abtretungsvereinbarung mit Light Twist ab.<br \/>\n<strong>Das Bescheidene:<\/strong> die von Light Twist angefertigten und\/oder zur Verf\u00fcgung gestellten Themen, Zeichnungen, Modelle und Abbildungen im weitesten Sinne.<\/p>\n<\/div><\/div><div class=\"w-separator size_small\"><\/div><div class=\"wpb_text_column\"><div class=\"wpb_wrapper\"><h3>Artikel 2 Anwendbarkeit<\/h3>\n<\/div><\/div><div class=\"w-separator size_small\"><\/div><div class=\"wpb_text_column\"><div class=\"wpb_wrapper\"><p>1. Diese Bedingungen gelten f\u00fcr alle Angebote und Offerten von Light Twist und f\u00fcr alle Vertr\u00e4ge, die zwischen Light Twist und der Gegenpartei geschlossen werden, f\u00fcr<br \/>\nsoweit die Parteien nicht ausdr\u00fccklich und schriftlich von diesen Bedingungen abweichen.<br \/>\n2. Die Anwendbarkeit von Einkaufs- und\/oder anderen Bedingungen der Gegenpartei wird ausdr\u00fccklich abgelehnt.<br \/>\n3. Die Inanspruchnahme Dritter im Sinne von Artikel 4 Absatz 5 und Artikel 5 Absatz 5 ber\u00fchrt nicht die G\u00fcltigkeit und Ausschlie\u00dflichkeit dieser Bedingungen, es sei denn, die Parteien haben schriftlich etwas anderes vereinbart.<br \/>\n4. Die Nichtigkeit oder Ung\u00fcltigkeit einer der Bestimmungen dieser Bedingungen ber\u00fchrt weder die G\u00fcltigkeit noch den Inhalt der \u00fcbrigen Bestimmungen dieser Bedingungen.<br \/>\n5. Die Vereinbarung \u00fcber die Gestaltung der Dokumente gilt als Abtretungsvertrag im Sinne von Artikel 7:400 des niederl\u00e4ndischen B\u00fcrgerlichen Gesetzbuchs.<br \/>\n6. Der Vertrag \u00fcber den Kauf und die Lieferung von Waren gilt als Kaufvertrag im Sinne von Artikel 7:1 des niederl\u00e4ndischen B\u00fcrgerlichen Gesetzbuchs.<br \/>\n7. Eine Vereinbarung, die beide in den Abs\u00e4tzen 5 und 6 genannten Arten von Vereinbarungen enth\u00e4lt, \u00e4ndert nichts an der vorgenannten Tatsache, dass nur der darauf anwendbare rechtliche Rahmen und die in diesen Bedingungen speziell anwendbaren Bestimmungen f\u00fcr beide Vereinbarungen gelten, die getrennt zu betrachten sind.<\/p>\n<\/div><\/div><div class=\"w-separator size_small\"><\/div><div class=\"wpb_text_column\"><div class=\"wpb_wrapper\"><h3>Artikel 3 Angebote<\/h3>\n<\/div><\/div><div class=\"w-separator size_small\"><\/div><div class=\"wpb_text_column\"><div class=\"wpb_wrapper\"><p>1. Alle Angebote von Light Twist sind freibleibend, es sei denn, Light Twist hat eine Frist zur Annahme gesetzt.<br \/>\n2. Die Preise in den Angeboten und Offerten von Light Twist verstehen sich zuz\u00fcglich Mehrwertsteuer und sonstiger Kosten, die - nicht abschlie\u00dfend - aus Reise- und Unterbringungskosten sowie Versand- und Verwaltungskosten bestehen k\u00f6nnen. All dies, sofern nicht schriftlich anders angegeben.<br \/>\n3. Die Annahme eines Angebots kann nur f\u00fcr die Gesamtheit der im Kostenvoranschlag oder Angebot genannten Leistungen und Lieferungen zum gesamten angegebenen Preis erfolgen. Eine Teilannahme bindet Light Twist nicht, es sei denn, es wurde schriftlich etwas anderes vereinbart.<br \/>\n4. Die mit einem Angebot oder Kostenvoranschlag angegebenen Unterlagen sind so genau wie m\u00f6glich, dienen jedoch nur zur Orientierung. Aus ihnen k\u00f6nnen keine Rechte abgeleitet werden, es sei denn, Light Twist gibt etwas anderes an.<\/p>\n<\/div><\/div><div class=\"w-separator size_small\"><\/div><div class=\"wpb_text_column\"><div class=\"wpb_wrapper\"><h3>Artikel 4 Ausf\u00fchrung des Abtretungsvertrags<\/h3>\n<\/div><\/div><div class=\"w-separator size_small\"><\/div><div class=\"wpb_text_column\"><div class=\"wpb_wrapper\"><p>1. Die vereinbarte(n) Frist(en) f\u00fcr die Erstellung der Unterlagen dienen als Anhaltspunkt und sind keine strengen Fristen im Sinne von Artikel 6:83 des niederl\u00e4ndischen B\u00fcrgerlichen Gesetzbuchs, es sei denn, die Parteien haben schriftlich etwas anderes vereinbart. Erf\u00fcllt Light Twist seine Verpflichtung aus dem Vertrag nicht oder nicht vollst\u00e4ndig innerhalb der vorgenannten Frist, muss der Auftraggeber Light Twist schriftlich in Verzug setzen und Light Twist eine angemessene Frist von mindestens zwei (2) Wochen zur Erf\u00fcllung der vorgenannten Verpflichtung einr\u00e4umen.<br \/>\n2. Light Twist ordnungsgem\u00e4\u00df und vollst\u00e4ndig zur Verf\u00fcgung gestellt worden sind, damit Light Twist seine Verpflichtungen aus dem Vertrag erf\u00fcllen kann.<br \/>\n3. Vereinbarte Fristen f\u00fcr die Erstellung von Unterlagen beginnen erst dann zu laufen, wenn der Auftraggeber Light Twist den Zugang zu den R\u00e4umlichkeiten der anderen Partei erm\u00f6glicht hat, der f\u00fcr die Erf\u00fcllung der vertraglichen Verpflichtungen von Light Twist angemessenerweise erforderlich ist.<br \/>\n4. Tritt eine der in den Abs\u00e4tzen zwei und drei beschriebenen Situationen ein, nachdem die Frist bereits begonnen hat, so wird die Frist, innerhalb derer Light Twist der Aufforderung nachkommen muss, im Verh\u00e4ltnis zu der entstandenen Verz\u00f6gerung verl\u00e4ngert.<br \/>\n5. Light Twist ist es gestattet, ohne vorherige oder ausdr\u00fcckliche Zustimmung des Auftraggebers Dritte mit der Ausf\u00fchrung (eines Teils) des Vertrags zu beauftragen.<br \/>\n6. Die Abtretungsvereinbarung beinhaltet eine Verpflichtung zur Leistung, also keine Verpflichtung zum Ergebnis, gegen\u00fcber Light Twist.<\/p>\n<\/div><\/div><div class=\"w-separator size_small\"><\/div><div class=\"wpb_text_column\"><div class=\"wpb_wrapper\"><h3>Artikel 5 Lieferung im Rahmen des Kaufvertrags<\/h3>\n<\/div><\/div><div class=\"w-separator size_small\"><\/div><div class=\"wpb_text_column\"><div class=\"wpb_wrapper\"><p>1. Die vereinbarte(n) Frist(en) f\u00fcr die Lieferung von Waren sind Richtwerte und keine strengen Fristen im Sinne von Artikel 6:83 des niederl\u00e4ndischen B\u00fcrgerlichen Gesetzbuchs, es sei denn, die Parteien haben schriftlich etwas anderes vereinbart. Wenn Light Twist seiner Verpflichtung aus dem Vertrag nicht oder nicht vollst\u00e4ndig innerhalb dieser nicht verh\u00e4ngnisvollen Frist nachkommt, muss der K\u00e4ufer Light Twist schriftlich in Verzug setzen und eine angemessene Frist von mindestens zwei (2) Wochen einr\u00e4umen, um die vorgenannte Verpflichtung noch zu erf\u00fcllen.<br \/>\n2. Vereinbarte Fristen f\u00fcr die Lieferung von Waren beginnen erst zu laufen, wenn der K\u00e4ufer Light Twist die Informationen, die vern\u00fcnftigerweise erforderlich sind, damit Light Twist seine Verpflichtung aus dem Vertrag erf\u00fcllen kann, korrekt und vollst\u00e4ndig zur Verf\u00fcgung gestellt hat.<br \/>\n3. Vereinbarte Fristen f\u00fcr die Lieferung von Waren beginnen erst dann zu laufen, wenn der K\u00e4ufer Light Twist den Zugang zu den R\u00e4umlichkeiten der Gegenpartei erm\u00f6glicht hat, der f\u00fcr die Erf\u00fcllung der vertraglichen Verpflichtungen von Light Twist angemessenerweise erforderlich ist.<br \/>\n4. Tritt eine der in den Abs\u00e4tzen zwei und drei beschriebenen Situationen ein, nachdem die Frist bereits begonnen hat, so wird die Frist, innerhalb derer Light Twist der Aufforderung nachkommen muss, im Verh\u00e4ltnis zu der entstandenen Verz\u00f6gerung verl\u00e4ngert.<br \/>\n5. Light Twist ist berechtigt, ohne vorherige oder ausdr\u00fcckliche Genehmigung des K\u00e4ufers, Dritte mit der Ausf\u00fchrung (eines Teils) des Vertrags zu beauftragen.<br \/>\n6. Dritte im Sinne des vorigen Absatzes sind ausdr\u00fccklich nicht der Installateur, d.h. die (juristische) Person, die f\u00fcr die Installation der gekauften Sachen verantwortlich ist. Mit diesem muss der K\u00e4ufer einen gesonderten Vertrag abschlie\u00dfen.<br \/>\n7. Sofern nicht anders schriftlich vereinbart, erfolgt die Lieferung ab dem Gesch\u00e4ftssitz von Light Twist zu einem von Light Twist zu bestimmenden Zeitpunkt.<br \/>\n8. Wenn abweichend vom vorstehenden Absatz vereinbart wird, dass Light Twist die Lieferung der gekauften Waren \u00fcbernimmt, gehen die Kosten der Lieferung vollst\u00e4ndig zu Lasten des K\u00e4ufers.<br \/>\n9. Unabh\u00e4ngig von der in den beiden vorstehenden Abs\u00e4tzen genannten Lieferart geht die Gefahr f\u00fcr die Waren in dem Augenblick auf den K\u00e4ufer \u00fcber, in dem die Waren die Gesch\u00e4ftsr\u00e4ume von Light Twist verlassen.<\/p>\n<\/div><\/div><div class=\"w-separator size_small\"><\/div><div class=\"wpb_text_column\"><div class=\"wpb_wrapper\"><h3>Artikel 6 Eigentumsvorbehalt<\/h3>\n<\/div><\/div><div class=\"w-separator size_small\"><\/div><div class=\"wpb_text_column\"><div class=\"wpb_wrapper\"><p>1. Die Lieferung im Sinne des vorigen Artikels erfolgt unter der aufschiebenden Bedingung, dass der K\u00e4ufer seinen gegen\u00fcber dem Verk\u00e4ufer bestehenden Verpflichtungen jederzeit vollst\u00e4ndig nachkommt. Der hierin enthaltene Eigentumsvorbehalt erstreckt sich auch auf die aus den gelieferten Waren hergestellten neuen Sachen und bezieht sich auf Forderungen aufgrund des zwischen den Parteien geschlossenen Vertrags, gleich welcher Art, sowie auf Forderungen wegen Nichterf\u00fcllung des Vertrags, wozu auch Forderungen auf Schadenersatz und Erstattung von (au\u00dfer-)gerichtlichen Kosten, Zinsen, Geldstrafen und Bu\u00dfgeldern geh\u00f6ren.<br \/>\n2. Solange die im vorstehenden Absatz genannte aufschiebende Bedingung nicht eingetreten ist, ist der K\u00e4ufer nicht befugt, die unter Eigentumsvorbehalt gekaufte Ware zu ver\u00e4u\u00dfern, einem oder mehreren Dritten faktische Verf\u00fcgungsgewalt \u00fcber die Ware zu verschaffen (einen Rechtsakt zu setzen, der den K\u00e4ufer dazu verpflichtet) oder die Ware zu belasten.<br \/>\n3. Der K\u00e4ufer verpflichtet sich, gegebenenfalls auf Verlangen von Light Twist, die Forderungen, die aus der Ver\u00e4u\u00dferung der von Light Twist an den K\u00e4ufer unter Eigentumsvorbehalt verkauften Waren an Dritte entstehen oder entstehen werden, an Light Twist abzutreten oder zu verpf\u00e4nden. Die Wahl zwischen Abtretung und Verpf\u00e4ndung liegt bei Light Twist.<br \/>\n4. Light Twist ist berechtigt, das Vorbehaltseigentum und die damit verbundenen Rechte auf einen oder mehrere Dritte zu \u00fcbertragen, f\u00fcr die in diesem Fall die gleichen Rechte und Pflichten gelten.<br \/>\n5. Der K\u00e4ufer ist verpflichtet, die unter Eigentumsvorbehalt stehenden Gegenst\u00e4nde zu versichern, und gibt Light Twist im Falle einer Zahlung das Recht auf die Zahlung aus dieser Versicherung.<br \/>\n6. Wie in Artikel 13 dieser Bedingungen festgelegt, unterliegt der Vertrag dem niederl\u00e4ndischen Recht. Dies geschieht mit der Ma\u00dfgabe, dass der Eigentumsvorbehalt, soweit er f\u00fcr Light Twist g\u00fcnstiger ist, nach der Einfuhr der betreffenden Waren in ein anderes Land in vollem Umfang und insbesondere auch in seinem Umfang dem Recht dieses Landes unterliegt.<\/p>\n<\/div><\/div><div class=\"w-separator size_small\"><\/div><div class=\"wpb_text_column\"><div class=\"wpb_wrapper\"><h3>Artikel 7 Zahlungen<\/h3>\n<\/div><\/div><div class=\"w-separator size_small\"><\/div><div class=\"wpb_text_column\"><div class=\"wpb_wrapper\"><p>1. Die Zahlung hat innerhalb von vierzehn (14) Tagen nach Rechnungsdatum zu erfolgen, sofern die Parteien nicht ausdr\u00fccklich schriftlich etwas anderes vereinbart haben.<br \/>\n2. Die im vorigen Absatz genannte Zahlungsfrist ist, sofern nicht ausdr\u00fccklich und schriftlich eine andere Frist vereinbart wurde, eine verh\u00e4ngnisvolle Frist.<br \/>\n3. Erfolgt die Zahlung durch die Gegenpartei nicht innerhalb der in Absatz 1 genannten Frist, schuldet die Gegenpartei gem\u00e4\u00df Artikel 6:119a in Verbindung mit Artikel 6:120 Absatz 2 des niederl\u00e4ndischen B\u00fcrgerlichen Gesetzbuchs ab dem sp\u00e4testen Zeitpunkt der Zahlung gesetzliche Handelszinsen.<br \/>\n4. Die von der anderen Partei geleisteten Zahlungen werden zun\u00e4chst von den entstandenen Zinsen und Kosten abgezogen.<br \/>\n5. Ein Vergleich durch die Gegenpartei ist unter keinen Umst\u00e4nden zul\u00e4ssig.<br \/>\n6. Eine Aussetzung der (Zahlungs-)Verpflichtungen durch die Gegenpartei ist ausdr\u00fccklich ausgeschlossen.<\/p>\n<\/div><\/div><div class=\"w-separator size_small\"><\/div><div class=\"wpb_text_column\"><div class=\"wpb_wrapper\"><h3>Artikel 8 B\u00fcrgschaft<\/h3>\n<\/div><\/div><div class=\"w-separator size_small\"><\/div><div class=\"wpb_text_column\"><div class=\"wpb_wrapper\"><p>1. Jeder Meldung im Rahmen der Garantie muss die entsprechende Rechnung von Light Twist beigef\u00fcgt werden.<br \/>\n2. Light Twist \u00fcbernimmt keine Garantie f\u00fcr herk\u00f6mmliche Lampen.<br \/>\n3. Die Folgen des Degradationsprozesses von LED-Lichtquellen sind unter keinen Umst\u00e4nden durch eine Garantie abgedeckt, es sei denn, die Parteien vereinbaren ausdr\u00fccklich und schriftlich etwas anderes<br \/>\nzugestimmt.<br \/>\n4. Led-Subpixel-Ausf\u00e4lle von weniger als 1% bei RGB-in-One-Produkten sind unter keinen Umst\u00e4nden von der Garantie gedeckt, es sei denn, die Parteien vereinbaren ausdr\u00fccklich schriftlich etwas anderes.<br \/>\nzugestimmt.<br \/>\n5. Wenn und soweit eine Garantie gew\u00e4hrt wird, gilt diese Garantie niemals l\u00e4nger als der Zeitraum, in dem der Lieferant als die (juristische) Person, die den betreffenden Gegenstand an Light<br \/>\nTwist geliefert, garantiert.<br \/>\n6. Die gegebenen Garantien gelten ausdr\u00fccklich nicht, wenn die andere Partei:<br \/>\na. ist standardm\u00e4\u00dfig auf Light Twist eingestellt;<br \/>\nb. den Liefergegenstand oder verwandte Gegenst\u00e4nde selbst repariert oder ver\u00e4ndert hat oder reparieren oder ver\u00e4ndern lie\u00df;<br \/>\nc. das gelieferte Gut anderen als den nach allgemeinen Erfahrungsregeln f\u00fcr das Gut \u00fcblichen Bedingungen ausgesetzt hat;<br \/>\nd. die gelieferte Ware unsorgf\u00e4ltig behandelt wurde, mindestens aber entgegen den Anweisungen von Light Twist oder der Gebrauchsanweisung der Ware, oder;<br \/>\ne. die M\u00e4ngel an der gelieferten Sache ganz oder teilweise auf staatliche oder k\u00fcnftige Vorschriften \u00fcber die Art oder Qualit\u00e4t der verwendeten Materialien zur\u00fcckzuf\u00fchren sind.<\/p>\n<\/div><\/div><div class=\"w-separator size_small\"><\/div><div class=\"wpb_text_column\"><div class=\"wpb_wrapper\"><h3>Artikel 9 Haftung<\/h3>\n<\/div><\/div><div class=\"w-separator size_small\"><\/div><div class=\"wpb_text_column\"><div class=\"wpb_wrapper\"><p>1. Die in diesem Artikel enthaltenen Haftungsbeschr\u00e4nkungen von Light Twist gelten nicht, soweit der Schaden auf Vorsatz oder grobe Fahrl\u00e4ssigkeit von Light Twist oder Personen, f\u00fcr die Light Twist haftet, zur\u00fcckzuf\u00fchren ist.<br \/>\n2. Zu den im vorigen Absatz genannten Personen geh\u00f6rt auf jeden Fall nicht der Installateur im Sinne von Artikel 5 Absatz 6. Die T\u00e4tigkeiten des Installateurs sind nicht (!) Teil der (Ausf\u00fchrung der) Gesch\u00e4ftst\u00e4tigkeit von Light Twist und Light Twist kann weder auf der Grundlage von Artikel 6:170 des niederl\u00e4ndischen B\u00fcrgerlichen Gesetzbuchs noch auf der Grundlage von Artikel 6:171 des niederl\u00e4ndischen B\u00fcrgerlichen Gesetzbuchs f\u00fcr Fehler des Installateurs haftbar gemacht werden.<br \/>\n3. Wenn der Schaden in irgendeinem Umfang auf unrichtige Angaben der Gegenpartei zur\u00fcckzuf\u00fchren ist oder anderweitig auf Handlungen oder Unterlassungen der Gegenpartei zur\u00fcckzuf\u00fchren ist, wird die Haftung von Light Twist ausdr\u00fccklich ausgeschlossen.<br \/>\n4. Light Twist haftet nicht f\u00fcr Sch\u00e4den, weder teilweise noch vollst\u00e4ndig, die sich aus den in Artikel 8 Absatz 6 genannten Umst\u00e4nden ergeben, und die Gegenpartei stellt Light Twist von jeglicher Schadensersatzpflicht gegen\u00fcber Dritten frei.<br \/>\n5. Wenn und soweit Light Twist die Haftung f\u00fcr erlittene Sch\u00e4den \u00fcbernimmt, ist diese Haftung, gleich aus welchem Grund, auf den Teil des Rechnungsbetrags beschr\u00e4nkt, der sich auf die gelieferte(n) Ware(n) oder die erstellten Dokumente bezieht.<br \/>\n6. Unbeschadet der Bestimmungen in den anderen Abs\u00e4tzen dieses Artikels ist Light Twist niemals verpflichtet, f\u00fcr Sch\u00e4den aufzukommen, die die Versicherungssumme \u00fcbersteigen, sofern der Schaden durch eine von Light Twist abgeschlossene Versicherung gedeckt ist.<br \/>\n7. Falls Light Twist f\u00fcr einen Schaden haftet, ist diese Haftung immer auf direkte Personen- oder Sachsch\u00e4den beschr\u00e4nkt. Der direkte Schaden ist die Folge eines Light Twist zurechenbaren Vers\u00e4umnisses bei der Erf\u00fcllung seiner Verpflichtungen. F\u00fcr indirekte Sch\u00e4den, einschlie\u00dflich - nicht abschlie\u00dfend - Folgesch\u00e4den,<br \/>\neinschlie\u00dflich Sch\u00e4den durch Versp\u00e4tungen, entgangenen Gewinn und Stagnationssch\u00e4den, ist Light Twist niemals haftbar.<\/p>\n<\/div><\/div><div class=\"w-separator size_small\"><\/div><div class=\"wpb_text_column\"><div class=\"wpb_wrapper\"><h3>Artikel 10 Geistiges Eigentum<\/h3>\n<\/div><\/div><div class=\"wpb_text_column\"><div class=\"wpb_wrapper\"><p>1. Wenn und soweit anwendbar, liegen die Urheberrechte und andere Rechte an geistigem Eigentum an den Dokumenten nach dem Urheberrechtsgesetz, dem Benelux-\u00dcbereinkommen \u00fcber geistiges Eigentum und allen anderen (europ\u00e4ischen) Gesetzen und Vorschriften bei Light Twist.<br \/>2. Der Gegenpartei ist es untersagt, die Unterlagen, die Gegenstand von Rechten des geistigen Eigentums sind, ohne die Zustimmung von Light Twist in irgendeiner Weise offenzulegen, zu vervielf\u00e4ltigen oder auszustellen.<br \/>3. Das Entfernen oder Ver\u00e4ndern von Hinweisen auf Light Twist auf von Light Twist gelieferten oder zur Verf\u00fcgung gestellten Dokumenten oder anderen Produkten ist der Gegenpartei nicht gestattet, es sei denn, Light Twist hat dies ausdr\u00fccklich genehmigt.<br \/>4. Light Twist beh\u00e4lt sich das Recht vor, die bei der Ausf\u00fchrung der Arbeiten f\u00fcr die Gegenpartei gewonnenen Erkenntnisse f\u00fcr andere Zwecke zu nutzen, sofern keine vertraulichen (Gesch\u00e4fts-)Informationen an Dritte weitergegeben werden.<br \/>5. Der Kunde ist, sofern er seinen Zahlungsverpflichtungen nachgekommen ist, zur Ausfertigung der Dokumente berechtigt.<br \/>6. Der Auftraggeber darf nicht von den Unterlagen abweichen oder \u00c4nderungen vornehmen, es sei denn, er tut dies in Absprache mit Light Twist.<br \/>7. Der Auftraggeber darf den ausgef\u00fchrten Entwurf ohne die vorherige Zustimmung von Light Twist weder ganz noch teilweise wiederholen. Light Twist kann seine Zustimmung an folgende Bedingungen kn\u00fcpfen<br \/>Bedingungen, wie etwa die Zahlung einer angemessenen Geb\u00fchr. Light Twist wird seine Zustimmung nicht aus unangemessenen Gr\u00fcnden verweigern.<\/p>\n<\/div><\/div><div class=\"w-separator size_small\"><\/div><div class=\"wpb_text_column\"><div class=\"wpb_wrapper\"><h3>Artikel 11 \u00c4nderung des Abkommens<\/h3>\n<\/div><\/div><div class=\"w-separator size_small\"><\/div><div class=\"wpb_text_column\"><div class=\"wpb_wrapper\"><p>1. Stellt sich w\u00e4hrend der Durchf\u00fchrung des Vertrags heraus, dass f\u00fcr eine ordnungsgem\u00e4\u00dfe Durchf\u00fchrung des Vertrags \u00c4nderungen oder Erg\u00e4nzungen erforderlich sind, so beraten sich die Parteien rechtzeitig, um eine \u00c4nderung des Vertrags zu vereinbaren.<br \/>2. Wenn Light Twist aufgrund gesetzlicher Vorschriften (oder anderer beh\u00f6rdlicher Vorschriften) befugt oder verpflichtet ist, den vereinbarten Preis zu erh\u00f6hen, und Light Twist von dieser Befugnis Gebrauch macht, ist die Gegenpartei nicht berechtigt, den Vertrag aus diesem Grund aufzul\u00f6sen.<br \/>3. Wenn Light Twist mit der Gegenpartei einen Festpreis vereinbart hat, ist Light Twist jederzeit berechtigt, den Preis zu erh\u00f6hen.<br \/>4. Wenn Light Twist den Preis gem\u00e4\u00df dem vorigen Absatz erh\u00f6ht und dies innerhalb von drei Monaten nach Abschluss des Vertrags geschieht und Absatz 2 keine Anwendung findet, ist die Gegenpartei, nur wenn es sich um eine nat\u00fcrliche Person handelt, die nicht in Aus\u00fcbung eines Berufs oder Betriebs handelt, berechtigt, den Vertrag mit Light Twist aufzul\u00f6sen, es sei denn, Light Twist zeigt sich bereit, den Vertrag weiterhin f\u00fcr den urspr\u00fcnglich vereinbarten Betrag auszuf\u00fchren.<br \/>5. Wenn Light Twist den Preis gem\u00e4\u00df Absatz 3 erh\u00f6ht und dies innerhalb von drei (3) Monaten nach Abschluss des Vertrags geschieht und Absatz 2 keine Anwendung findet, ist die Gegenpartei berechtigt, den Vertrag mit Light Twist aufzul\u00f6sen, es sei denn, die Preiserh\u00f6hung ist die Folge von Preiserh\u00f6hungen bei dem\/den Lieferanten von Light Twist und diese Erh\u00f6hung \u00fcbersteigt 10% oder Light Twist zeigt sich bereit, den Vertrag f\u00fcr den urspr\u00fcnglich vereinbarten Betrag auszuf\u00fchren.<br \/>6. Wenn die Gegenpartei den Vertrag - aus welchem Grund auch immer - \u00e4ndern m\u00f6chte, muss sie Light Twist dies unverz\u00fcglich mitteilen. Light Twist kann einen solchen Wunsch jederzeit ablehnen, was ausdr\u00fccklich kein Grund f\u00fcr die Gegenpartei ist, den Vertrag aufzul\u00f6sen.<\/p>\n<\/div><\/div><div class=\"w-separator size_small\"><\/div><div class=\"wpb_text_column\"><div class=\"wpb_wrapper\"><h3>Artikel 12 Aufl\u00f6sung<\/h3>\n<\/div><\/div><div class=\"wpb_text_column\"><div class=\"wpb_wrapper\"><p>1. Light Twist kann die Vereinbarung inden aufl\u00f6sen:<br \/>- die Gegenpartei einer ihr obliegenden Verpflichtung nicht nachkommt, wozu auch - nicht abschlie\u00dfend - die nicht rechtzeitige Zahlung oder Abnahme von Waren geh\u00f6rt;<br \/>- die andere Partei einen Antrag auf Zahlungsaufschub stellt oder gew\u00e4hrt bekommt oder einen Konkursantrag stellt oder f\u00fcr insolvent erkl\u00e4rt wird.<br \/>- Einem Antrag auf Kreditversicherung wird nicht oder nach Ansicht von Light Twist nicht in ausreichendem Umfang stattgegeben.<br \/>2. Wenn ein Mangel in der Erf\u00fcllung der Verpflichtungen in Bezug auf eine der Lieferungen durch die Gegenpartei Light Twist berechtigten Grund zu der Annahme gibt, dass ein erheblicher Mangel in Bezug auf k\u00fcnftige Lieferungen auftreten wird, kann Light Twist nach schriftlicher Mitteilung den Vertrag aufl\u00f6sen.<br \/>3. Im Falle der Aufl\u00f6sung des Vertrags wird alles, was Light Twist von der Gegenpartei aus welchem Grund auch immer fordern kann, sofort f\u00e4llig und zahlbar.<\/p>\n<\/div><\/div><div class=\"w-separator size_small\"><\/div><div class=\"wpb_text_column\"><div class=\"wpb_wrapper\"><h3>Artikel 13 Anwendbares Recht<\/h3>\n<\/div><\/div><div class=\"w-separator size_small\"><\/div><div class=\"wpb_text_column\"><div class=\"wpb_wrapper\"><p>1. Auf den zwischen Light Twist und der Gegenpartei geschlossenen Vertrag sowie auf alle anderen Rechtsverh\u00e4ltnisse zwischen Light Twist und der Gegenpartei findet ausschlie\u00dflich das niederl\u00e4ndische Recht Anwendung.<br \/>Anwendung.<br \/>2. Streitigkeiten, die sich aus dem Vertrag oder anderen Rechtsverh\u00e4ltnissen ergeben, werden nach niederl\u00e4ndischem Recht und durch das Gericht am Gesch\u00e4ftssitz von Light Twist entschieden,<br \/>au\u00dfer in F\u00e4llen, in denen das Gesetz zwingend etwas anderes vorsieht.<\/p>\n<\/div><\/div><\/div><\/div><\/div><\/div><\/section>","protected":false},"excerpt":{"rendered":"Algemene voorwaarden voor dienstverlening en verkoop Artikel 1 Definities Light Twist: Light Twist Projectverlichting, met kvk-nummer 56255446. De wederpartij: iedere natuurlijke persoon, dan wel rechtspersoon, die met Light Twist een overeenkomst aangaat. De koper: de wederpartij die een koopovereenkomst met Light Twist aangaat. De opdrachtgever: de wederpartij die een overeenkomst van opdracht met Light Twist...","protected":false},"author":1,"featured_media":0,"parent":0,"menu_order":0,"comment_status":"closed","ping_status":"closed","template":"","meta":{"_acf_changed":false,"_seopress_robots_primary_cat":"","_seopress_titles_title":"","_seopress_titles_desc":"","_seopress_robots_index":"","footnotes":""},"class_list":["post-799","page","type-page","status-publish","hentry"],"acf":[],"_links":{"self":[{"href":"https:\/\/ledbowling.eu\/de\/wp-json\/wp\/v2\/pages\/799","targetHints":{"allow":["GET"]}}],"collection":[{"href":"https:\/\/ledbowling.eu\/de\/wp-json\/wp\/v2\/pages"}],"about":[{"href":"https:\/\/ledbowling.eu\/de\/wp-json\/wp\/v2\/types\/page"}],"author":[{"embeddable":true,"href":"https:\/\/ledbowling.eu\/de\/wp-json\/wp\/v2\/users\/1"}],"replies":[{"embeddable":true,"href":"https:\/\/ledbowling.eu\/de\/wp-json\/wp\/v2\/comments?post=799"}],"version-history":[{"count":34,"href":"https:\/\/ledbowling.eu\/de\/wp-json\/wp\/v2\/pages\/799\/revisions"}],"predecessor-version":[{"id":956,"href":"https:\/\/ledbowling.eu\/de\/wp-json\/wp\/v2\/pages\/799\/revisions\/956"}],"wp:attachment":[{"href":"https:\/\/ledbowling.eu\/de\/wp-json\/wp\/v2\/media?parent=799"}],"curies":[{"name":"wp","href":"https:\/\/api.w.org\/{rel}","templated":true}]}}