{"id":948,"date":"2024-11-26T15:00:34","date_gmt":"2024-11-26T15:00:34","guid":{"rendered":"https:\/\/ledbowling.eu\/?page_id=948"},"modified":"2024-12-04T09:25:09","modified_gmt":"2024-12-04T09:25:09","slug":"cookie-policy","status":"publish","type":"page","link":"https:\/\/ledbowling.eu\/de\/cookie-policy\/","title":{"rendered":"Cookie-Politik"},"content":{"rendered":"<section class=\"l-section wpb_row height_huge\"><div class=\"l-section-h i-cf\"><div class=\"g-cols vc_row via_grid cols_1 laptops-cols_inherit tablets-cols_inherit mobiles-cols_1 valign_top type_default stacking_default\"><div class=\"wpb_column vc_column_container\"><div class=\"vc_column-inner\"><div class=\"wpb_text_column\"><div class=\"wpb_wrapper\"><h1>Cookie-Politik<\/h1>\n<h5>Version:1 Dezember 2024<\/h5>\n<p>Auf der Website LightTwist.de, die unter https:\/\/ledbowling.eu zug\u00e4nglich ist, verwenden wir Cookies und \u00e4hnliche Technologien. In dieser Cookie-Richtlinie erkl\u00e4ren wir, was Cookies sind, welche Cookies wir verwenden und wie Sie Ihre Cookie-Einstellungen verwalten k\u00f6nnen.<\/p>\n<h3>1. Was sind Cookies?<\/h3>\n<p>Cookies sind kleine Textdateien, die w\u00e4hrend Ihres Besuchs auf einer Website auf Ihrem Ger\u00e4t (Computer, Tablet oder Smartphone) gespeichert werden. Sie werden verwendet, um die Funktionalit\u00e4t der Website zu verbessern, Ihr Nutzererlebnis zu optimieren und Einblicke in die Nutzung der Website zu gewinnen.<\/p>\n<h3>2. Welche Cookies verwenden wir?<\/h3>\n<p>Wir verwenden die folgenden Arten von Cookies:<\/p>\n<h5>a. Funktionale Cookies<\/h5>\n<p>Diese Cookies sind f\u00fcr die grundlegenden Funktionen der Website erforderlich, z. B. um Ihre Einstellungen zu speichern oder Ihnen das Ausf\u00fcllen von Formularen zu erm\u00f6glichen.<br \/>Beispiele:<\/p>\n<p>Speichern der eingestellten Spracheinstellungen.<br \/>Sicherheitsma\u00dfnahmen f\u00fcr eine sichere Verbindung.<\/p>\n<h5>b. Analytische Cookies<\/h5>\n<p>Diese Cookies helfen uns, die Nutzung der Website zu verstehen, damit wir Inhalt und Funktionalit\u00e4t verbessern k\u00f6nnen.<br \/>Beispiele:<\/p>\n<p>Verfolgung der Besucherstatistiken mit Hilfe von Tools wie Google Analytics.<br \/>Analyse, welche Seiten am h\u00e4ufigsten besucht werden.<\/p>\n<h5>c. Marketing-Cookies<\/h5>\n<p>Diese Cookies werden verwendet, um personalisierte Werbung und Inhalte auf der Grundlage Ihres Surfverhaltens anzuzeigen.<br \/>Beispiele:<\/p>\n<p>Retargeting \u00fcber Social-Media-Plattformen oder Suchmaschinen.<br \/>Nachverfolgung des Klickverhaltens zur Anzeigenoptimierung.<br \/>Bitte beachten Sie: F\u00fcr das Setzen von Marketing-Cookies bitten wir Sie um Ihre Zustimmung.<\/p>\n<h3>3. Cookies von Dritten<\/h3>\n<p>Einige Cookies werden von Dritten gesetzt, mit denen wir zusammenarbeiten, z. B. von Google, Facebook oder anderen Diensten. Diese Parteien haben ihre eigenen Datenschutz- und Cookie-Richtlinien, und wir empfehlen Ihnen, diese zu lesen.<\/p>\n<h3>4. Wie k\u00f6nnen Sie Cookies verwalten oder l\u00f6schen?<\/h3>\n<p>Sie k\u00f6nnen Cookies jederzeit \u00fcber Ihre Browsereinstellungen verwalten oder l\u00f6schen. Nachstehend finden Sie Links zu Anleitungen f\u00fcr g\u00e4ngige Browser:<\/p>\n<p>Google Chrome<br \/>Mozilla Firefox<br \/>Microsoft Edge<br \/>Safari<br \/>Hinweis: Wenn Sie Cookies deaktivieren, funktionieren einige Funktionen der Website m\u00f6glicherweise nicht richtig.<\/p>\n<h3>5. \u00c4nderungen der Cookie-Richtlinie<\/h3>\n<p>Wir behalten uns das Recht vor, diese Cookie-Richtlinie zu \u00e4ndern. Wir empfehlen Ihnen, diese Richtlinie regelm\u00e4\u00dfig auf Aktualisierungen zu \u00fcberpr\u00fcfen. Wir werden wichtige \u00c4nderungen \u00fcber unsere Website mitteilen.<\/p>\n<h3>6. Kontakt<\/h3>\n<p>Bei Fragen oder Anmerkungen zu unserer Cookie-Politik wenden Sie sich bitte an uns:<br \/>E-Mail-Adresse: info@lighttwist.nl<\/p>\n<p>\u00a9 2024 LightTwist.de. Alle Rechte vorbehalten.<\/p>\n<\/div><\/div><\/div><\/div><\/div><\/div><\/section>","protected":false},"excerpt":{"rendered":"Cookiebeleid Versie:1 december 2024 Op de website van LightTwist.nl, bereikbaar via https:\/\/ledbowling.eu, maken wij gebruik van cookies en vergelijkbare technologie\u00ebn. In dit cookiebeleid leggen wij uit wat cookies zijn, welke cookies wij gebruiken en hoe u uw cookievoorkeuren kunt beheren. 1. Wat zijn cookies? Cookies zijn kleine tekstbestanden die tijdens uw bezoek aan een website...","protected":false},"author":1,"featured_media":0,"parent":0,"menu_order":0,"comment_status":"closed","ping_status":"closed","template":"","meta":{"_acf_changed":false,"_seopress_robots_primary_cat":"","_seopress_titles_title":"","_seopress_titles_desc":"","_seopress_robots_index":"","footnotes":""},"class_list":["post-948","page","type-page","status-publish","hentry"],"acf":[],"_links":{"self":[{"href":"https:\/\/ledbowling.eu\/de\/wp-json\/wp\/v2\/pages\/948","targetHints":{"allow":["GET"]}}],"collection":[{"href":"https:\/\/ledbowling.eu\/de\/wp-json\/wp\/v2\/pages"}],"about":[{"href":"https:\/\/ledbowling.eu\/de\/wp-json\/wp\/v2\/types\/page"}],"author":[{"embeddable":true,"href":"https:\/\/ledbowling.eu\/de\/wp-json\/wp\/v2\/users\/1"}],"replies":[{"embeddable":true,"href":"https:\/\/ledbowling.eu\/de\/wp-json\/wp\/v2\/comments?post=948"}],"version-history":[{"count":3,"href":"https:\/\/ledbowling.eu\/de\/wp-json\/wp\/v2\/pages\/948\/revisions"}],"predecessor-version":[{"id":1091,"href":"https:\/\/ledbowling.eu\/de\/wp-json\/wp\/v2\/pages\/948\/revisions\/1091"}],"wp:attachment":[{"href":"https:\/\/ledbowling.eu\/de\/wp-json\/wp\/v2\/media?parent=948"}],"curies":[{"name":"wp","href":"https:\/\/api.w.org\/{rel}","templated":true}]}}