{"id":2,"date":"2023-10-10T13:41:35","date_gmt":"2023-10-10T13:41:35","guid":{"rendered":"https:\/\/ledbowling.eu\/?page_id=2"},"modified":"2024-12-04T09:15:01","modified_gmt":"2024-12-04T09:15:01","slug":"disclaimer-2","status":"publish","type":"page","link":"https:\/\/ledbowling.eu\/fr\/disclaimer-2\/","title":{"rendered":"Clause de non-responsabilit\u00e9"},"content":{"rendered":"<section class=\"l-section wpb_row height_huge\"><div class=\"l-section-h i-cf\"><div class=\"g-cols vc_row via_grid cols_1 laptops-cols_inherit tablets-cols_inherit mobiles-cols_1 valign_top type_default stacking_default\"><div class=\"wpb_column vc_column_container\"><div class=\"vc_column-inner\"><div class=\"wpb_text_column\"><div class=\"wpb_wrapper\"><h1>Clause de non-responsabilit\u00e9<\/h1>\n<p>Bienvenue sur le site web de LightTwist.co.uk. En utilisant ce site, vous acceptez les termes et conditions ci-dessous. Veuillez lire attentivement cette clause de non-responsabilit\u00e9 avant de continuer \u00e0 utiliser le site web.<\/p>\n<h3>Informations g\u00e9n\u00e9rales<\/h3>\n<p>Les informations figurant sur ce site web sont fournies \u00e0 titre d'information g\u00e9n\u00e9rale uniquement. Bien que nous nous efforcions de maintenir le contenu \u00e0 jour et correct, nous ne pouvons pas garantir l'exhaustivit\u00e9, l'exactitude ou l'actualit\u00e9 des informations. L'utilisation des informations contenues dans ce site web est enti\u00e8rement \u00e0 vos risques et p\u00e9rils.<\/p>\n<h3>Responsabilit\u00e9<\/h3>\n<p>LightTwist.co.uk ne peut \u00eatre tenu responsable des dommages directs ou indirects r\u00e9sultant de l'utilisation de ce site ou de sites qui lui sont li\u00e9s. Ceci inclut, mais n'est pas limit\u00e9 \u00e0, la perte de donn\u00e9es, de revenus ou de profits.<\/p>\n<h3>Liens externes<\/h3>\n<p>Ce site web peut contenir des liens vers des sites web externes exploit\u00e9s par des tiers. LightTwist.co.uk n'a aucun contr\u00f4le sur le contenu ou la fonctionnalit\u00e9 de ces sites web et n'est pas responsable des informations, produits ou services qui y sont propos\u00e9s.<\/p>\n<h3>Droits de propri\u00e9t\u00e9 intellectuelle<\/h3>\n<p>Tout le contenu de ce site web, y compris les textes, les images, les logos et autres mat\u00e9riels, est la propri\u00e9t\u00e9 de LightTwist.co.uk ou est utilis\u00e9 avec l'autorisation du propri\u00e9taire l\u00e9gitime. Il est interdit de copier, de distribuer ou d'utiliser de quelque mani\u00e8re que ce soit le contenu de ce site web sans autorisation \u00e9crite pr\u00e9alable.<\/p>\n<h3>Changements<\/h3>\n<p>LightTwist.co.uk se r\u00e9serve le droit de modifier cette clause de non-responsabilit\u00e9 \u00e0 tout moment et sans pr\u00e9avis. Il vous incombe de v\u00e9rifier r\u00e9guli\u00e8rement si des modifications ont \u00e9t\u00e9 apport\u00e9es.<\/p>\n<p>Pour toute question ou commentaire sur cette clause de non-responsabilit\u00e9, veuillez nous contacter \u00e0 l'adresse suivante : info@lighttwist.nl.<\/p>\n<p>\u00a9 2024 LightTwist.co.uk. Tous droits r\u00e9serv\u00e9s.<\/p>\n<\/div><\/div><\/div><\/div><\/div><\/div><\/section>","protected":false},"excerpt":{"rendered":"Disclaimer Welkom op de website van LightTwist.nl. Door gebruik te maken van deze website stemt u in met de onderstaande voorwaarden. Lees deze disclaimer zorgvuldig door voordat u de website verder gebruikt. Algemene informatie De informatie op deze website is uitsluitend bedoeld voor algemene informatiedoeleinden. Hoewel wij ernaar streven om de inhoud actueel en correct...","protected":false},"author":1,"featured_media":0,"parent":0,"menu_order":0,"comment_status":"closed","ping_status":"closed","template":"","meta":{"_acf_changed":false,"_seopress_robots_primary_cat":"","_seopress_titles_title":"","_seopress_titles_desc":"","_seopress_robots_index":"","footnotes":""},"class_list":["post-2","page","type-page","status-publish","hentry"],"acf":[],"_links":{"self":[{"href":"https:\/\/ledbowling.eu\/fr\/wp-json\/wp\/v2\/pages\/2","targetHints":{"allow":["GET"]}}],"collection":[{"href":"https:\/\/ledbowling.eu\/fr\/wp-json\/wp\/v2\/pages"}],"about":[{"href":"https:\/\/ledbowling.eu\/fr\/wp-json\/wp\/v2\/types\/page"}],"author":[{"embeddable":true,"href":"https:\/\/ledbowling.eu\/fr\/wp-json\/wp\/v2\/users\/1"}],"replies":[{"embeddable":true,"href":"https:\/\/ledbowling.eu\/fr\/wp-json\/wp\/v2\/comments?post=2"}],"version-history":[{"count":3,"href":"https:\/\/ledbowling.eu\/fr\/wp-json\/wp\/v2\/pages\/2\/revisions"}],"predecessor-version":[{"id":1087,"href":"https:\/\/ledbowling.eu\/fr\/wp-json\/wp\/v2\/pages\/2\/revisions\/1087"}],"wp:attachment":[{"href":"https:\/\/ledbowling.eu\/fr\/wp-json\/wp\/v2\/media?parent=2"}],"curies":[{"name":"wp","href":"https:\/\/api.w.org\/{rel}","templated":true}]}}