{"id":948,"date":"2024-11-26T15:00:34","date_gmt":"2024-11-26T15:00:34","guid":{"rendered":"https:\/\/ledbowling.eu\/?page_id=948"},"modified":"2024-12-04T09:25:09","modified_gmt":"2024-12-04T09:25:09","slug":"cookie-policy","status":"publish","type":"page","link":"https:\/\/ledbowling.eu\/fr\/cookie-policy\/","title":{"rendered":"Politique en mati\u00e8re de cookies"},"content":{"rendered":"<section class=\"l-section wpb_row height_huge\"><div class=\"l-section-h i-cf\"><div class=\"g-cols vc_row via_grid cols_1 laptops-cols_inherit tablets-cols_inherit mobiles-cols_1 valign_top type_default stacking_default\"><div class=\"wpb_column vc_column_container\"><div class=\"vc_column-inner\"><div class=\"wpb_text_column\"><div class=\"wpb_wrapper\"><h1>Politique en mati\u00e8re de cookies<\/h1>\n<h5>Version:1 d\u00e9cembre 2024<\/h5>\n<p>Sur le site LightTwist.co.uk, accessible \u00e0 l'adresse https:\/\/ledbowling.eu, nous utilisons des cookies et des technologies similaires. Dans cette politique en mati\u00e8re de cookies, nous expliquons ce que sont les cookies, quels sont les cookies que nous utilisons et comment vous pouvez g\u00e9rer vos pr\u00e9f\u00e9rences en mati\u00e8re de cookies.<\/p>\n<h3>1. Qu'est-ce qu'un cookie ?<\/h3>\n<p>Les cookies sont de petits fichiers texte plac\u00e9s sur votre appareil (ordinateur, tablette ou smartphone) lors de votre visite sur un site web. Ils sont utilis\u00e9s pour am\u00e9liorer la fonctionnalit\u00e9 du site web, optimiser votre exp\u00e9rience d'utilisateur et obtenir des informations sur l'utilisation du site web.<\/p>\n<h3>2. Quels sont les cookies que nous utilisons ?<\/h3>\n<p>Nous utilisons les types de cookies suivants :<\/p>\n<h5>a. Cookies fonctionnels<\/h5>\n<p>Ces cookies sont n\u00e9cessaires \u00e0 la fonctionnalit\u00e9 de base du site web, comme la m\u00e9morisation de vos pr\u00e9f\u00e9rences ou la possibilit\u00e9 de remplir des formulaires.<br \/>Exemples :<\/p>\n<p>M\u00e9morisation des pr\u00e9f\u00e9rences linguistiques d\u00e9finies.<br \/>Mesures de s\u00e9curit\u00e9 pour une connexion s\u00e9curis\u00e9e.<\/p>\n<h5>b. Cookies analytiques<\/h5>\n<p>Ces cookies nous aident \u00e0 comprendre l'utilisation du site web afin d'en am\u00e9liorer le contenu et la fonctionnalit\u00e9.<br \/>Exemples :<\/p>\n<p>Suivre les statistiques des visiteurs \u00e0 l'aide d'outils tels que Google Analytics.<br \/>Analyser les pages les plus visit\u00e9es.<\/p>\n<h5>c. Cookies marketing<\/h5>\n<p>Ces cookies sont utilis\u00e9s pour afficher des publicit\u00e9s et des contenus personnalis\u00e9s en fonction de votre comportement de navigation.<br \/>Exemples :<\/p>\n<p>Le reciblage via les plateformes de m\u00e9dias sociaux ou les moteurs de recherche.<br \/>Suivi des clics pour l'optimisation des annonces.<br \/>Remarque : pour la mise en place de cookies de marketing, nous vous demandons votre consentement.<\/p>\n<h3>3. Cookies de tiers<\/h3>\n<p>Certains cookies sont install\u00e9s par des tiers avec lesquels nous travaillons, tels que Google, Facebook ou d'autres services. Ces parties ont leurs propres politiques en mati\u00e8re de confidentialit\u00e9 et de cookies, et nous vous recommandons de les consulter.<\/p>\n<h3>4. Comment pouvez-vous g\u00e9rer ou supprimer les cookies ?<\/h3>\n<p>Vous pouvez g\u00e9rer ou supprimer les cookies \u00e0 tout moment par le biais des param\u00e8tres de votre navigateur. Vous trouverez ci-dessous des liens vers des instructions pour les navigateurs les plus courants :<\/p>\n<p>Google Chrome<br \/>Mozilla Firefox<br \/>Microsoft Edge<br \/>Safari<br \/>Remarque : si vous d\u00e9sactivez les cookies, certaines fonctionnalit\u00e9s du site web risquent de ne pas fonctionner correctement.<\/p>\n<h3>5. Modifications de la politique en mati\u00e8re de cookies<\/h3>\n<p>Nous nous r\u00e9servons le droit de modifier cette politique en mati\u00e8re de cookies. Nous vous encourageons \u00e0 consulter r\u00e9guli\u00e8rement cette politique pour prendre connaissance des mises \u00e0 jour. Nous communiquerons les changements importants sur notre site web.<\/p>\n<h3>6. Contact<\/h3>\n<p>Pour toute question ou commentaire sur notre politique en mati\u00e8re de cookies, veuillez nous contacter \u00e0 l'adresse suivante :<br \/>Adresse \u00e9lectronique : info@lighttwist.nl<\/p>\n<p>\u00a9 2024 LightTwist.co.uk. Tous droits r\u00e9serv\u00e9s.<\/p>\n<\/div><\/div><\/div><\/div><\/div><\/div><\/section>","protected":false},"excerpt":{"rendered":"Cookiebeleid Versie:1 december 2024 Op de website van LightTwist.nl, bereikbaar via https:\/\/ledbowling.eu, maken wij gebruik van cookies en vergelijkbare technologie\u00ebn. In dit cookiebeleid leggen wij uit wat cookies zijn, welke cookies wij gebruiken en hoe u uw cookievoorkeuren kunt beheren. 1. Wat zijn cookies? Cookies zijn kleine tekstbestanden die tijdens uw bezoek aan een website...","protected":false},"author":1,"featured_media":0,"parent":0,"menu_order":0,"comment_status":"closed","ping_status":"closed","template":"","meta":{"_acf_changed":false,"_seopress_robots_primary_cat":"","_seopress_titles_title":"","_seopress_titles_desc":"","_seopress_robots_index":"","footnotes":""},"class_list":["post-948","page","type-page","status-publish","hentry"],"acf":[],"_links":{"self":[{"href":"https:\/\/ledbowling.eu\/fr\/wp-json\/wp\/v2\/pages\/948","targetHints":{"allow":["GET"]}}],"collection":[{"href":"https:\/\/ledbowling.eu\/fr\/wp-json\/wp\/v2\/pages"}],"about":[{"href":"https:\/\/ledbowling.eu\/fr\/wp-json\/wp\/v2\/types\/page"}],"author":[{"embeddable":true,"href":"https:\/\/ledbowling.eu\/fr\/wp-json\/wp\/v2\/users\/1"}],"replies":[{"embeddable":true,"href":"https:\/\/ledbowling.eu\/fr\/wp-json\/wp\/v2\/comments?post=948"}],"version-history":[{"count":3,"href":"https:\/\/ledbowling.eu\/fr\/wp-json\/wp\/v2\/pages\/948\/revisions"}],"predecessor-version":[{"id":1091,"href":"https:\/\/ledbowling.eu\/fr\/wp-json\/wp\/v2\/pages\/948\/revisions\/1091"}],"wp:attachment":[{"href":"https:\/\/ledbowling.eu\/fr\/wp-json\/wp\/v2\/media?parent=948"}],"curies":[{"name":"wp","href":"https:\/\/api.w.org\/{rel}","templated":true}]}}